{"id":121,"date":"2023-01-10T02:56:10","date_gmt":"2023-01-10T01:56:10","guid":{"rendered":"https:\/\/fenaco.promovetm.com\/gestion-de-soi-carriere\/"},"modified":"2024-11-11T08:55:25","modified_gmt":"2024-11-11T07:55:25","slug":"gestion-de-soi","status":"publish","type":"page","link":"https:\/\/rhombergsersa.promovetm.com\/fr\/gestion-de-soi\/","title":{"rendered":"Gestion de soi | Carri\u00e8re"},"content":{"rendered":"\n<p>Pour diriger, il faut d&rsquo;abord se diriger soi-m\u00eame. Pour cela, il est essentiel de r\u00e9fl\u00e9chir r\u00e9guli\u00e8rement sur soi-m\u00eame.<br>Les m\u00e9thodes suivantes peuvent t&rsquo;y aider:<\/p>\n","protected":false},"excerpt":{"rendered":"<p>Pour diriger, il faut d&rsquo;abord se diriger soi-m\u00eame. Pour cela, il est essentiel de r\u00e9fl\u00e9chir r\u00e9guli\u00e8rement sur soi-m\u00eame.Les m\u00e9thodes suivantes peuvent t&rsquo;y aider:<\/p>\n","protected":false},"author":2,"featured_media":0,"parent":0,"menu_order":0,"comment_status":"closed","ping_status":"closed","template":"page-templates\/selbstfuehrung-dynamisch.php","meta":{"_acf_changed":false,"footnotes":""},"class_list":["post-121","page","type-page","status-publish","hentry"],"acf":[],"_links":{"self":[{"href":"https:\/\/rhombergsersa.promovetm.com\/fr\/wp-json\/wp\/v2\/pages\/121"}],"collection":[{"href":"https:\/\/rhombergsersa.promovetm.com\/fr\/wp-json\/wp\/v2\/pages"}],"about":[{"href":"https:\/\/rhombergsersa.promovetm.com\/fr\/wp-json\/wp\/v2\/types\/page"}],"author":[{"embeddable":true,"href":"https:\/\/rhombergsersa.promovetm.com\/fr\/wp-json\/wp\/v2\/users\/2"}],"replies":[{"embeddable":true,"href":"https:\/\/rhombergsersa.promovetm.com\/fr\/wp-json\/wp\/v2\/comments?post=121"}],"version-history":[{"count":12,"href":"https:\/\/rhombergsersa.promovetm.com\/fr\/wp-json\/wp\/v2\/pages\/121\/revisions"}],"predecessor-version":[{"id":513,"href":"https:\/\/rhombergsersa.promovetm.com\/fr\/wp-json\/wp\/v2\/pages\/121\/revisions\/513"}],"wp:attachment":[{"href":"https:\/\/rhombergsersa.promovetm.com\/fr\/wp-json\/wp\/v2\/media?parent=121"}],"curies":[{"name":"wp","href":"https:\/\/api.w.org\/{rel}","templated":true}]}}