{"id":124,"date":"2023-01-10T03:14:46","date_gmt":"2023-01-10T02:14:46","guid":{"rendered":"https:\/\/fenaco.promovetm.com\/gestion-organisation\/"},"modified":"2024-11-11T08:56:09","modified_gmt":"2024-11-11T07:56:09","slug":"gestion-organisation","status":"publish","type":"page","link":"https:\/\/rhombergsersa.promovetm.com\/fr\/gestion-organisation\/","title":{"rendered":"Gestion | Organisation"},"content":{"rendered":"\n<p>Diriger en p\u00e9riode de changement requiert certaines comp\u00e9tences. La s\u00e9lection suivante de m\u00e9thodes puissantes peut t&rsquo;aider \u00e0 augmenter tes comp\u00e9tences en mati\u00e8re de leadership :&nbsp;<\/p>\n","protected":false},"excerpt":{"rendered":"<p>Diriger en p\u00e9riode de changement requiert certaines comp\u00e9tences. La s\u00e9lection suivante de m\u00e9thodes puissantes peut t&rsquo;aider \u00e0 augmenter tes comp\u00e9tences en mati\u00e8re de leadership :&nbsp;<\/p>\n","protected":false},"author":2,"featured_media":0,"parent":0,"menu_order":0,"comment_status":"closed","ping_status":"closed","template":"page-templates\/fuehrung-dynamisch.php","meta":{"_acf_changed":false,"footnotes":""},"class_list":["post-124","page","type-page","status-publish","hentry"],"acf":[],"_links":{"self":[{"href":"https:\/\/rhombergsersa.promovetm.com\/fr\/wp-json\/wp\/v2\/pages\/124"}],"collection":[{"href":"https:\/\/rhombergsersa.promovetm.com\/fr\/wp-json\/wp\/v2\/pages"}],"about":[{"href":"https:\/\/rhombergsersa.promovetm.com\/fr\/wp-json\/wp\/v2\/types\/page"}],"author":[{"embeddable":true,"href":"https:\/\/rhombergsersa.promovetm.com\/fr\/wp-json\/wp\/v2\/users\/2"}],"replies":[{"embeddable":true,"href":"https:\/\/rhombergsersa.promovetm.com\/fr\/wp-json\/wp\/v2\/comments?post=124"}],"version-history":[{"count":18,"href":"https:\/\/rhombergsersa.promovetm.com\/fr\/wp-json\/wp\/v2\/pages\/124\/revisions"}],"predecessor-version":[{"id":514,"href":"https:\/\/rhombergsersa.promovetm.com\/fr\/wp-json\/wp\/v2\/pages\/124\/revisions\/514"}],"wp:attachment":[{"href":"https:\/\/rhombergsersa.promovetm.com\/fr\/wp-json\/wp\/v2\/media?parent=124"}],"curies":[{"name":"wp","href":"https:\/\/api.w.org\/{rel}","templated":true}]}}